{"id":256,"date":"2013-08-26T15:10:34","date_gmt":"2013-08-26T15:10:34","guid":{"rendered":"http:\/\/www.castamon.com\/wp\/?page_id=256"},"modified":"2014-12-16T19:27:10","modified_gmt":"2014-12-16T19:27:10","slug":"insan-kaynaklari","status":"publish","type":"page","link":"https:\/\/www.castamon.com\/index.php\/insan-kaynaklari\/","title":{"rendered":"\u0130nsan Kaynaklar\u0131"},"content":{"rendered":"<p>\u0130\u015f ve staj ba\u015fvurular\u0131n\u0131z\u0131 a\u015fa\u011f\u0131daki e-posta adresimize yapabilirsiniz.<\/p>\n<p>E-Posta: <a href=\"mailto:info@castamon.com\"><span style=\"color: #4b9ec9;\">info@castamon.com<\/span><\/a><\/p>\n<p>&nbsp;<\/p>","protected":false},"excerpt":{"rendered":"<p>\u0130\u015f ve staj ba\u015fvurular\u0131n\u0131z\u0131 a\u015fa\u011f\u0131daki e-posta adresimize yapabilirsiniz. E-Posta: info@castamon.com &nbsp;<\/p>\n","protected":false},"author":1,"featured_media":0,"parent":0,"menu_order":0,"comment_status":"open","ping_status":"open","template":"","meta":{"footnotes":""},"class_list":["post-256","page","type-page","status-publish","hentry"],"_links":{"self":[{"href":"https:\/\/www.castamon.com\/index.php\/wp-json\/wp\/v2\/pages\/256","targetHints":{"allow":["GET"]}}],"collection":[{"href":"https:\/\/www.castamon.com\/index.php\/wp-json\/wp\/v2\/pages"}],"about":[{"href":"https:\/\/www.castamon.com\/index.php\/wp-json\/wp\/v2\/types\/page"}],"author":[{"embeddable":true,"href":"https:\/\/www.castamon.com\/index.php\/wp-json\/wp\/v2\/users\/1"}],"replies":[{"embeddable":true,"href":"https:\/\/www.castamon.com\/index.php\/wp-json\/wp\/v2\/comments?post=256"}],"version-history":[{"count":7,"href":"https:\/\/www.castamon.com\/index.php\/wp-json\/wp\/v2\/pages\/256\/revisions"}],"predecessor-version":[{"id":665,"href":"https:\/\/www.castamon.com\/index.php\/wp-json\/wp\/v2\/pages\/256\/revisions\/665"}],"wp:attachment":[{"href":"https:\/\/www.castamon.com\/index.php\/wp-json\/wp\/v2\/media?parent=256"}],"curies":[{"name":"wp","href":"https:\/\/api.w.org\/{rel}","templated":true}]}}