{"id":354,"date":"2013-08-29T14:18:18","date_gmt":"2013-08-29T14:18:18","guid":{"rendered":"http:\/\/www.castamon.com\/wp\/?page_id=354"},"modified":"2024-09-21T01:04:27","modified_gmt":"2024-09-20T22:04:27","slug":"hakkimizda","status":"publish","type":"page","link":"https:\/\/www.castamon.com\/index.php\/castamon\/hakkimizda\/","title":{"rendered":"Hakk\u0131m\u0131zda"},"content":{"rendered":"<p><strong>2023<\/strong>\u00a0y\u0131l\u0131nda 4.Levent adresine ta\u015f\u0131nd\u0131k ve UV bask\u0131, lazer kesim, tampon bask\u0131, serigraf bask\u0131 makine ve ekipmanlar\u0131 alarak kozmetik \u00fcr\u00fcn ambalaj ve bask\u0131 sekt\u00f6r\u00fcne giri\u015f yapt\u0131k. G\u00fcnl\u00fck 20.000 adet \u00fcretim kapasitesine ula\u015ft\u0131k. Ayr\u0131ca, m\u00fc\u015fteri memnuniyetini art\u0131rmak i\u00e7in kalite kontrol s\u00fcre\u00e7lerimizi g\u00fc\u00e7lendirdik. Ayn\u0131 y\u0131l,\u00a0<strong>qualitadijital.com<\/strong>\u00a0kuruldu ve dijital pazarlama faaliyetlerimize h\u0131z kazand\u0131rd\u0131k.<\/p>\n<p><strong>2022<\/strong>\u00a0y\u0131l\u0131nda e-ticaret dijital bask\u0131 ve \u00f6zel \u00fcr\u00fcnler yapmak \u00fczere makine ve te\u00e7hizat al\u0131m\u0131 ger\u00e7ekle\u015ftirdik. ETSY.com\u2019da ki\u015fiye \u00f6zel isim puzzle ile ilk \u00fcr\u00fcn\u00fcm\u00fcz\u00fc sat\u0131\u015fa sunduk. Bu d\u00f6nemde, m\u00fc\u015fteri taleplerine h\u0131zl\u0131 yan\u0131t verebilmek i\u00e7in lojistik altyap\u0131m\u0131z\u0131 da geli\u015ftirdik. Ayr\u0131ca, sosyal medya kanallar\u0131m\u0131z\u0131 aktif olarak kullanmaya ba\u015flad\u0131k.<\/p>\n<p><strong>2021<\/strong>\u00a0y\u0131l\u0131nda \u015firketimiz Y\u0131lmaz Ba\u015f taraf\u0131ndan devral\u0131nd\u0131 ve kozmetik sekt\u00f6r\u00fcnde Scuube, Qualita Cosmetics, Maritza, Vienzi markalar\u0131yla faaliyetlerimize devam ediyoruz. Bu s\u00fcre\u00e7te, Ar-Ge yat\u0131r\u0131mlar\u0131m\u0131z\u0131 art\u0131rarak yenilik\u00e7i \u00fcr\u00fcnler geli\u015ftirmeye odakland\u0131k. Ayr\u0131ca, \u00e7al\u0131\u015fanlar\u0131m\u0131z i\u00e7in \u00e7e\u015fitli e\u011fitim programlar\u0131 d\u00fczenleyerek profesyonel geli\u015fimlerine katk\u0131da bulunduk.<\/p>\n<p><strong>2013 \u2013 2020<\/strong>\u00a0y\u0131llar\u0131 aras\u0131nda Brezilya\u2019dan QOD markas\u0131 ile distrib\u00fct\u00f6rl\u00fck anla\u015fmas\u0131 yaparak profesyonel kuaf\u00f6r \u00fcr\u00fcnleri alan\u0131nda kozmetik sekt\u00f6r\u00fcne giri\u015f yapt\u0131k. Belda ve Eau Minarale Paris markalar\u0131n\u0131n bayiliklerini ald\u0131k. Kozmetik sekt\u00f6r\u00fc i\u00e7in Prateo Bilgi Teknolojileri A.\u015e.&#8217;yi sat\u0131n ald\u0131k ve y\u00f6netim kurulu ba\u015fkan\u0131 olarak Y\u0131lmaz Ba\u015f se\u00e7ildi. Pandemi s\u00fcrecinde berber ve kuaf\u00f6r sekt\u00f6r\u00fc kapand\u0131\u011f\u0131 i\u00e7in Prateo faaliyetlerini durdurdu. Bu d\u00f6nemde, dijital d\u00f6n\u00fc\u015f\u00fcm projelerine a\u011f\u0131rl\u0131k vererek online sat\u0131\u015f kanallar\u0131m\u0131z\u0131 g\u00fc\u00e7lendirdik. Ayr\u0131ca, \u00e7evre dostu ambalaj \u00e7\u00f6z\u00fcmleri geli\u015ftirmeye ba\u015flad\u0131k.<\/p>\n<p><strong>2012 \u2013 2013<\/strong>\u00a0y\u0131llar\u0131nda \u015firketimiz K\u00fc\u00e7\u00fckbakkalk\u00f6y ofisine ta\u015f\u0131nd\u0131 ve veri toplama ve i\u015fleme ama\u00e7l\u0131 ilk saha \u00e7al\u0131\u015fmas\u0131 projesini ger\u00e7ekle\u015ftirdi. Ana faaliyet konusu olan bilgi teknolojilerinde dan\u0131\u015fmanl\u0131k projelerine imza att\u0131. Yeniden yap\u0131lanma s\u00fcrecinde merkezi s\u00fcp\u00fcrge sistemleri alan\u0131nda faaliyet g\u00f6stermeye ba\u015flad\u0131. Argesoft Ltd. \u015eti. ad\u0131 alt\u0131nda faaliyet g\u00f6steren \u015firketimiz, yeni ortakl\u0131k yap\u0131s\u0131 karar\u0131 ile Castamon Yaz\u0131l\u0131m ve Dan\u0131\u015fmanl\u0131k Limited \u015eirketi olarak ad\u0131n\u0131 de\u011fi\u015ftirdi ve yeniden yap\u0131lanma karar\u0131 ald\u0131. Ayr\u0131ca, \u201cAnadolu\u2019dan saf lezzetler\u201d slogan\u0131 ile g\u0131da sekt\u00f6r\u00fcne girerek DEYMEN markas\u0131 ile ilk g\u0131da \u00fcr\u00fcnlerimizi piyasaya s\u00fcrd\u00fck. Bu d\u00f6nemde, m\u00fc\u015fteri odakl\u0131 yakla\u015f\u0131m\u0131m\u0131z\u0131 g\u00fc\u00e7lendirmek i\u00e7in \u00e7e\u015fitli e\u011fitim programlar\u0131 d\u00fczenledik.<\/p>\n<p><strong>1999 \u2013 2000<\/strong>\u00a0y\u0131llar\u0131nda, geli\u015fen teknoloji ve piyasa gereksinimleri sonucu T\u00fcrkiye\u2019de internet \u00fczerinde geli\u015ftirme yapan bir \u015firket olarak faaliyet g\u00f6stermeye ba\u015flad\u0131k. L\u00fctfi K\u0131rdar Kongre ve Sergi Saray\u0131\u2019nda yap\u0131lan fuarda, browser \u00fczerinde \u00e7al\u0131\u015ft\u0131r\u0131lan ve leasing \u00f6deme plan\u0131n\u0131 haz\u0131rlayan bir ActiveX obje bu alandaki ilk \u00e7al\u0131\u015fma oldu. Bu tarihten itibaren, \u00f6nce ASP, daha sonra Visual Studio Beta serilerinden ba\u015flayarak C# ve MSSQL ile yaz\u0131l\u0131mlar geli\u015ftirdik. Ayr\u0131ca, web tabanl\u0131 uygulamalar geli\u015ftirme konusunda uzmanla\u015ft\u0131k.<\/p>\n<p><strong>1997 \u2013 1998<\/strong>\u00a0y\u0131llar\u0131nda, sekt\u00f6rdeki ilk grafik ara y\u00fcze sahip leasing yaz\u0131l\u0131m\u0131 olan ArgeLease yaz\u0131l\u0131m\u0131 geli\u015ftirildi. \u015eirket b\u00fcnyesinde ilk leasing yaz\u0131l\u0131m\u0131 ba\u015far\u0131yla tamamland\u0131. Bu d\u00f6nemde, m\u00fc\u015fteri memnuniyetini art\u0131rmak i\u00e7in kullan\u0131c\u0131 dostu aray\u00fczler geli\u015ftirmeye odakland\u0131k.<\/p>\n<p><strong>1994 \u2013 1996<\/strong>\u00a0y\u0131llar\u0131nda, Castamon Yaz\u0131l\u0131m ve Dan\u0131\u015fmanl\u0131k, Kimya M\u00fchendisi Tufan \u015eahino\u011flu, Mehmet Aykul ve Okan G\u00fcnay taraf\u0131ndan Argesoft Bilgisayar Limited \u015eirketi ad\u0131 ile Bilgi Teknolojileri alan\u0131nda faaliyet g\u00f6stermek \u00fczere kuruldu. Bu d\u00f6nemde donan\u0131m ve yaz\u0131l\u0131m kurulumlar\u0131 yo\u011fun olarak devam etti. Ayr\u0131ca, sekt\u00f6rdeki yenilikleri takip ederek hizmet kalitemizi s\u00fcrekli olarak art\u0131rd\u0131k.<\/p>","protected":false},"excerpt":{"rendered":"<p>2023\u00a0y\u0131l\u0131nda 4.Levent adresine ta\u015f\u0131nd\u0131k ve UV bask\u0131, lazer kesim, tampon bask\u0131, serigraf bask\u0131 makine ve ekipmanlar\u0131 alarak kozmetik \u00fcr\u00fcn ambalaj ve bask\u0131 sekt\u00f6r\u00fcne giri\u015f yapt\u0131k. G\u00fcnl\u00fck 20.000 adet \u00fcretim kapasitesine ula\u015ft\u0131k. Ayr\u0131ca, m\u00fc\u015fteri memnuniyetini art\u0131rmak i\u00e7in kalite kontrol s\u00fcre\u00e7lerimizi g\u00fc\u00e7lendirdik. Ayn\u0131 y\u0131l,\u00a0qualitadijital.com\u00a0kuruldu ve dijital pazarlama faaliyetlerimize h\u0131z kazand\u0131rd\u0131k. 2022\u00a0y\u0131l\u0131nda e-ticaret dijital bask\u0131 ve \u00f6zel \u00fcr\u00fcnler [&hellip;]<\/p>\n","protected":false},"author":1,"featured_media":0,"parent":287,"menu_order":0,"comment_status":"open","ping_status":"closed","template":"","meta":{"footnotes":""},"class_list":["post-354","page","type-page","status-publish","hentry"],"_links":{"self":[{"href":"https:\/\/www.castamon.com\/index.php\/wp-json\/wp\/v2\/pages\/354","targetHints":{"allow":["GET"]}}],"collection":[{"href":"https:\/\/www.castamon.com\/index.php\/wp-json\/wp\/v2\/pages"}],"about":[{"href":"https:\/\/www.castamon.com\/index.php\/wp-json\/wp\/v2\/types\/page"}],"author":[{"embeddable":true,"href":"https:\/\/www.castamon.com\/index.php\/wp-json\/wp\/v2\/users\/1"}],"replies":[{"embeddable":true,"href":"https:\/\/www.castamon.com\/index.php\/wp-json\/wp\/v2\/comments?post=354"}],"version-history":[{"count":16,"href":"https:\/\/www.castamon.com\/index.php\/wp-json\/wp\/v2\/pages\/354\/revisions"}],"predecessor-version":[{"id":1064,"href":"https:\/\/www.castamon.com\/index.php\/wp-json\/wp\/v2\/pages\/354\/revisions\/1064"}],"up":[{"embeddable":true,"href":"https:\/\/www.castamon.com\/index.php\/wp-json\/wp\/v2\/pages\/287"}],"wp:attachment":[{"href":"https:\/\/www.castamon.com\/index.php\/wp-json\/wp\/v2\/media?parent=354"}],"curies":[{"name":"wp","href":"https:\/\/api.w.org\/{rel}","templated":true}]}}