{"id":8,"date":"2013-03-23T00:17:06","date_gmt":"2013-03-23T00:17:06","guid":{"rendered":"http:\/\/WHOLESALESILVERS.COM\/wp\/?page_id=2"},"modified":"2024-09-21T01:24:05","modified_gmt":"2024-09-20T22:24:05","slug":"sample-page-2","status":"publish","type":"page","link":"https:\/\/www.castamon.com\/index.php\/sample-page-2\/","title":{"rendered":"\u0130leti\u015fim"},"content":{"rendered":"<p><strong>Castamon Yaz\u0131l\u0131m ve Dan\u0131\u015fmanl\u0131k Ltd.\u015eti.<\/strong><\/p>\n<p>Tel :\u00a0\u00a0\u00a0 +90 (212) 284 21 51<\/p>\n<p>E-Posta: <a href=\"mailto:info@castamon.com\">info@castamon.com<br \/>\n<\/a><\/p>\n<p>Vergi Dairesi: Maslak<br \/>\nVergi Numaras\u0131: 0740010725<\/p>\n<p>T.Garanti Bankas\u0131 &#8211; IBAN NO: TR720001200127300010101099<\/p>\n<p>Ye\u015filce Mah. Aytekin Sokak No: 5\/2<br \/>\n34418 Ka\u011f\u0131thane &#8211; \u0130stanbul<\/p>\n<p><iframe loading=\"lazy\" style=\"border: 0;\" src=\"https:\/\/www.google.com\/maps\/embed?pb=!1m18!1m12!1m3!1d3006.5850535009063!2d28.99901931554491!3d41.09991206518926!2m3!1f0!2f0!3f0!3m2!1i1024!2i768!4f13.1!3m3!1m2!1s0x14cab57e52185255%3A0xe05eb3bf6a0abe8f!2sCastamon%20Yaz\u0131l\u0131m!5e0!3m2!1str!2str!4v1642874048093!5m2!1str!2str\" width=\"600\" height=\"450\" allowfullscreen=\"allowfullscreen\"><\/iframe><\/p>","protected":false},"excerpt":{"rendered":"<p>Castamon Yaz\u0131l\u0131m ve Dan\u0131\u015fmanl\u0131k Ltd.\u015eti. Tel :\u00a0\u00a0\u00a0 +90 (212) 284 21 51 E-Posta: info@castamon.com Vergi Dairesi: Maslak Vergi Numaras\u0131: 0740010725 T.Garanti Bankas\u0131 &#8211; IBAN NO: TR720001200127300010101099 Ye\u015filce Mah. Aytekin Sokak No: 5\/2 34418 Ka\u011f\u0131thane &#8211; \u0130stanbul<\/p>\n","protected":false},"author":1,"featured_media":0,"parent":0,"menu_order":90,"comment_status":"closed","ping_status":"closed","template":"","meta":{"footnotes":""},"class_list":["post-8","page","type-page","status-publish","hentry"],"_links":{"self":[{"href":"https:\/\/www.castamon.com\/index.php\/wp-json\/wp\/v2\/pages\/8","targetHints":{"allow":["GET"]}}],"collection":[{"href":"https:\/\/www.castamon.com\/index.php\/wp-json\/wp\/v2\/pages"}],"about":[{"href":"https:\/\/www.castamon.com\/index.php\/wp-json\/wp\/v2\/types\/page"}],"author":[{"embeddable":true,"href":"https:\/\/www.castamon.com\/index.php\/wp-json\/wp\/v2\/users\/1"}],"replies":[{"embeddable":true,"href":"https:\/\/www.castamon.com\/index.php\/wp-json\/wp\/v2\/comments?post=8"}],"version-history":[{"count":12,"href":"https:\/\/www.castamon.com\/index.php\/wp-json\/wp\/v2\/pages\/8\/revisions"}],"predecessor-version":[{"id":1065,"href":"https:\/\/www.castamon.com\/index.php\/wp-json\/wp\/v2\/pages\/8\/revisions\/1065"}],"wp:attachment":[{"href":"https:\/\/www.castamon.com\/index.php\/wp-json\/wp\/v2\/media?parent=8"}],"curies":[{"name":"wp","href":"https:\/\/api.w.org\/{rel}","templated":true}]}}